{"id":2,"date":"2019-07-31T18:22:27","date_gmt":"2019-07-31T16:22:27","guid":{"rendered":"http:\/\/ecotic.fr\/?page_id=2"},"modified":"2019-12-24T10:47:22","modified_gmt":"2019-12-24T09:47:22","slug":"page-d-exemple","status":"publish","type":"page","link":"https:\/\/ecotic.fr\/index.php\/page-d-exemple\/","title":{"rendered":"Nos engagements responsables"},"content":{"rendered":"\n<p><strong>Nos valeurs<\/strong><\/p>\n\n\n\n<ul><li>Respect des clients et des fournisseurs, instauration des bases d&rsquo;une confiance r\u00e9ciproque<\/li><li>Int\u00e9grit\u00e9, \u00e9thique<\/li><li>Efficience<\/li><li>Partage des savoirs, contribution<\/li><li>Responsable socialement<\/li><li>Respect des cadres r\u00e9glementaires<\/li><\/ul>\n\n\n\n<p><\/p>\n\n\n\n<p><strong>Ecotic s\u2019engage \u00e0<\/strong><\/p>\n\n\n\n<p>A inscrire l\u2019ensemble de ses prestations ainsi que son catalogue de solutions mat\u00e9rielles et logicielles dans une d\u00e9marche num\u00e9rique responsable avec un objectif d\u2019efficience.<\/p>\n\n\n\n<p>A promouvoir et favoriser le r\u00e9emploi du mat\u00e9riel informatique.<\/p>\n\n\n\n<p>A qualifier ses fournisseurs par leur capacit\u00e9 \u00e0 proposer des solutions durables et performantes conform\u00e9ment \u00e0 ses crit\u00e8res RSE.<\/p>\n\n\n\n<p>A suivre des indicateurs de performance et de conformit\u00e9 pour l\u2019atteinte des objectifs RSE.<\/p>\n\n\n\n<p>A d\u00e9velopper la qualit\u00e9 de vie au travail.<\/p>\n\n\n\n<p>A inclure l\u2019innovation sociale dans la d\u00e9finition de nouveaux syst\u00e8mes et services num\u00e9riques.<\/p>\n\n\n\n<p>A partager et valoriser\/promouvoir nos actions responsables en interne et en externe&nbsp;<\/p>\n\n\n\n<p>Ne collecter que les donn\u00e9es utiles et n\u00e9cessaires au service des utilisateurs, afin de limiter les risques en mati\u00e8re de vie priv\u00e9e et impacts environnementaux en conformit\u00e9 avec le R\u00e8glement G\u00e9n\u00e9ral sur la Protection des Donn\u00e9es (RGPD).&nbsp;<\/p>\n\n\n\n<p><\/p>\n","protected":false},"excerpt":{"rendered":"<p>Nos valeurs Respect des clients et des fournisseurs, instauration des bases d&rsquo;une confiance r\u00e9ciproque Int\u00e9grit\u00e9, \u00e9thique Efficience Partage des <\/p>\n","protected":false},"author":1,"featured_media":210,"parent":0,"menu_order":0,"comment_status":"closed","ping_status":"open","template":"","meta":{"footnotes":""},"aioseo_notices":[],"_links":{"self":[{"href":"https:\/\/ecotic.fr\/index.php\/wp-json\/wp\/v2\/pages\/2"}],"collection":[{"href":"https:\/\/ecotic.fr\/index.php\/wp-json\/wp\/v2\/pages"}],"about":[{"href":"https:\/\/ecotic.fr\/index.php\/wp-json\/wp\/v2\/types\/page"}],"author":[{"embeddable":true,"href":"https:\/\/ecotic.fr\/index.php\/wp-json\/wp\/v2\/users\/1"}],"replies":[{"embeddable":true,"href":"https:\/\/ecotic.fr\/index.php\/wp-json\/wp\/v2\/comments?post=2"}],"version-history":[{"count":10,"href":"https:\/\/ecotic.fr\/index.php\/wp-json\/wp\/v2\/pages\/2\/revisions"}],"predecessor-version":[{"id":381,"href":"https:\/\/ecotic.fr\/index.php\/wp-json\/wp\/v2\/pages\/2\/revisions\/381"}],"wp:featuredmedia":[{"embeddable":true,"href":"https:\/\/ecotic.fr\/index.php\/wp-json\/wp\/v2\/media\/210"}],"wp:attachment":[{"href":"https:\/\/ecotic.fr\/index.php\/wp-json\/wp\/v2\/media?parent=2"}],"curies":[{"name":"wp","href":"https:\/\/api.w.org\/{rel}","templated":true}]}}