{"id":249,"date":"2019-10-17T10:16:56","date_gmt":"2019-10-17T08:16:56","guid":{"rendered":"https:\/\/ecotic.fr\/?page_id=249"},"modified":"2021-05-05T19:54:46","modified_gmt":"2021-05-05T17:54:46","slug":"dsi-externalise","status":"publish","type":"page","link":"https:\/\/ecotic.fr\/index.php\/dsi-externalise\/","title":{"rendered":"DSI externalis\u00e9"},"content":{"rendered":"<p><strong><span style=\"font-size: 14pt; font-family: verdana, geneva, sans-serif;\">Qu&rsquo;est-ce-qu&rsquo;un Directeur des services informatiques (DSI) ?<\/span><\/strong><\/p>\n<p><span style=\"font-family: verdana, geneva, sans-serif;\">Le DSI est le v\u00e9ritable chef d&rsquo;orchestre de tout ce qui touche \u00e0 l&rsquo;informatique dans l&rsquo;entreprise.\u00a0Avec l&rsquo;acc\u00e9l\u00e9ration de la transformation num\u00e9rique dans les entreprises et l&rsquo;av\u00e8nement des solutions cloud,\u00a0<\/span><span style=\"font-family: verdana, geneva, sans-serif;\">les fonctions du DSI ont profond\u00e9ment \u00e9volu\u00e9 ces derni\u00e8res ann\u00e9es. Affranchi d&rsquo;une grande partie de ses missions historiques purement op\u00e9rationnelles, son r\u00f4le est d\u00e9sormais davantage orient\u00e9 conseil et accompagnement.<\/span><\/p>\n<p>&nbsp;<\/p>\n<p><span style=\"font-family: verdana, geneva, sans-serif; font-size: 14pt;\"><strong>Pourquoi opter pour un DSI externalis\u00e9<\/strong><\/span><\/p>\n<p><span style=\"font-family: verdana, geneva, sans-serif;\">Pour :<\/span><\/p>\n<p><span style=\"font-family: verdana, geneva, sans-serif;\">Disposer de comp\u00e9tences plus larges et b\u00e9n\u00e9ficier de retours d&rsquo;exp\u00e9rience.<\/span><\/p>\n<p><span style=\"font-family: verdana, geneva, sans-serif;\">R\u00e9duire vos co\u00fbts<\/span><\/p>\n<p><span style=\"font-family: verdana, geneva, sans-serif;\">Optimiser les processus de votre entreprise<\/span><\/p>\n<p><span style=\"font-family: verdana, geneva, sans-serif;\">Aligner vos syst\u00e8mes d&rsquo;informations \u00a0sur vos enjeux m\u00e9tiers<\/span><\/p>\n<p><span style=\"font-family: verdana, geneva, sans-serif;\">Disposer d&rsquo;un syst\u00e8me d&rsquo;information adapt\u00e9, \u00e9volutif, fiable et s\u00e9curis\u00e9<\/span><\/p>\n<p><span style=\"font-family: verdana, geneva, sans-serif;\">Assurer une meilleure s\u00e9curit\u00e9 de vos syst\u00e8mes d&rsquo;information<\/span><\/p>\n","protected":false},"excerpt":{"rendered":"<p>Qu&rsquo;est-ce-qu&rsquo;un Directeur des services informatiques (DSI) ? Le DSI est le v\u00e9ritable chef d&rsquo;orchestre de tout ce qui touche \u00e0 l&rsquo;i<\/p>\n","protected":false},"author":1,"featured_media":0,"parent":0,"menu_order":0,"comment_status":"closed","ping_status":"closed","template":"","meta":{"footnotes":""},"aioseo_notices":[],"_links":{"self":[{"href":"https:\/\/ecotic.fr\/index.php\/wp-json\/wp\/v2\/pages\/249"}],"collection":[{"href":"https:\/\/ecotic.fr\/index.php\/wp-json\/wp\/v2\/pages"}],"about":[{"href":"https:\/\/ecotic.fr\/index.php\/wp-json\/wp\/v2\/types\/page"}],"author":[{"embeddable":true,"href":"https:\/\/ecotic.fr\/index.php\/wp-json\/wp\/v2\/users\/1"}],"replies":[{"embeddable":true,"href":"https:\/\/ecotic.fr\/index.php\/wp-json\/wp\/v2\/comments?post=249"}],"version-history":[{"count":7,"href":"https:\/\/ecotic.fr\/index.php\/wp-json\/wp\/v2\/pages\/249\/revisions"}],"predecessor-version":[{"id":782,"href":"https:\/\/ecotic.fr\/index.php\/wp-json\/wp\/v2\/pages\/249\/revisions\/782"}],"wp:attachment":[{"href":"https:\/\/ecotic.fr\/index.php\/wp-json\/wp\/v2\/media?parent=249"}],"curies":[{"name":"wp","href":"https:\/\/api.w.org\/{rel}","templated":true}]}}