{"id":252,"date":"2019-10-17T10:20:38","date_gmt":"2019-10-17T08:20:38","guid":{"rendered":"https:\/\/ecotic.fr\/?page_id=252"},"modified":"2020-01-06T16:02:03","modified_gmt":"2020-01-06T15:02:03","slug":"dematerialisation","status":"publish","type":"page","link":"https:\/\/ecotic.fr\/index.php\/dematerialisation\/","title":{"rendered":"D\u00e9mat\u00e9rialisation"},"content":{"rendered":"<p><span style=\"font-size: 14pt; font-family: verdana, geneva, sans-serif;\"><strong>Qu&rsquo;est-ce que la d\u00e9mat\u00e9rialisation ?<\/strong><\/span><\/p>\n<p><span style=\"font-family: verdana, geneva, sans-serif;\">La d\u00e9mat\u00e9rialisation consiste \u00e0 transf\u00e9rer les donn\u00e9es d\u2019un support mat\u00e9riel (souvent papier) \u00e0 un support num\u00e9rique. Il ne s\u2019agit pas simplement de \u00ab\u00a0num\u00e9riser\u00a0\u00bb un document, <strong>la d\u00e9mat\u00e9rialisation s\u2019inscrit dans un processus complet.<\/strong><\/span><\/p>\n<p><span style=\"font-family: verdana, geneva, sans-serif;\"><strong>Selon l&rsquo;ADEME ( Agence de l&rsquo;environnement et de la ma\u00eetrise \u00e9nerg\u00e9tique)<\/strong><\/span><\/p>\n<ul>\n<li><span style=\"font-family: verdana, geneva, sans-serif;\"><strong>Un salari\u00e9 utilise en moyenne 70kg de papier par an.<\/strong><\/span><\/li>\n<li><span style=\"font-family: verdana, geneva, sans-serif;\"><strong>Une tonne de papier \u00e9quivaut \u00e0 la d\u00e9forestation de 17 arbres, la consommation de 26 500 litres d\u2019eau, 3 barils de p\u00e9trole, 4 100 kilowatts et \u00e0 la production de 3 m\u00e8tres cubes de d\u00e9chets.<\/strong><\/span><\/li>\n<li><span style=\"font-family: verdana, geneva, sans-serif;\"><strong>Les entreprises fran\u00e7aises, \u00e0 elles seules, usent plus de 900 000 tonnes de d\u00e9chets de papiers chaque ann\u00e9e.<\/strong><\/span><\/li>\n<\/ul>\n<p>&nbsp;<\/p>\n<p><span style=\"font-family: verdana, geneva, sans-serif;\">La d\u00e9mat\u00e9rialisation est au coeur de la transition num\u00e9rique des entreprises. Elle est d\u00e9sormais accessible \u00e0 toutes les entreprises. L&rsquo;Etat a donn\u00e9 l&rsquo;exemple ces quinzederni\u00e8res ann\u00e9es dans les processus fiscaux, candidatures aux march\u00e9s publics, portail Chorus d\u00e9di\u00e9 \u00e0 la facturation \u00e9lectronique pour l&rsquo;ensemble des administrations publiques.<\/span><\/p>\n<p><span style=\"font-family: verdana, geneva, sans-serif;\">Les avantages de la d\u00e9mat\u00e9rialisation des documents sont nombreux et les derniers freins li\u00e9s aux contraintes administratives, l\u00e9gales, budg\u00e9taires ou \u00e0 des pratiques d&rsquo;usage dans certaines professions, disparaissent peu \u00e0 peu.<\/span><\/p>\n<p>&nbsp;<\/p>\n<p><span style=\"font-family: verdana, geneva, sans-serif; font-size: 14pt;\"><strong>Force probante\u00a0<\/strong><\/span><\/p>\n<p><span style=\"font-family: verdana, geneva, sans-serif;\">Encadr\u00e9s par la loi du 13 mars 2000, les documents \u00e9lectroniques b\u00e9n\u00e9ficient d\u00e9sormais de la m\u00eame valeur probante que les \u00e9crits manuscrits, sous r\u00e9serve des conditions pr\u00e9cis\u00e9es \u00e0 l\u2019article 1316-1 du code civil:<\/span><\/p>\n<p><span style=\"font-family: verdana, geneva, sans-serif;\">\u201cL\u2019\u00e9crit sous forme \u00e9lectronique est admis en preuve au m\u00eame titre que l\u2019\u00e9crit sur support papier, sous r\u00e9serve que puisse \u00eatre d\u00fbment identifi\u00e9e la personne dont il \u00e9mane et qu\u2019il soit \u00e9tabli et conserv\u00e9 dans des conditions de nature \u00e0 en garantir l\u2019int\u00e9grit\u00e9.\u201d<\/span><\/p>\n<p><span style=\"font-family: verdana, geneva, sans-serif;\">En d\u2019autres termes, la loi fran\u00e7aise, par transposition de la directive communautaire 1999\/93\/CE, permet d\u00e9sormais aux entreprises de num\u00e9riser les documents papiers. Il est donc d\u00e9sormais possible de cr\u00e9er des copies num\u00e9riques des originaux manuscrits. Il est donc possible pour qui le veut, de num\u00e9riser l\u2019ensemble des documents manuscrits tels que les contrats, factures, bulletins et autres, et de les archiver de mani\u00e8re \u00e9lectronique.<\/span><\/p>\n<p>&nbsp;<\/p>\n<p><span style=\"font-size: 14pt; font-family: verdana, geneva, sans-serif;\"><strong>Comment engager cette d\u00e9mat\u00e9rialisation des documents?<\/strong><\/span><\/p>\n<p><span style=\"font-family: verdana, geneva, sans-serif;\">ECOTIC vous propose de vous accompagner dans cette d\u00e9marche, de fa\u00e7on globale ou par \u00e9tapes en fonction de vos contraintes budg\u00e9taires.<\/span><\/p>\n","protected":false},"excerpt":{"rendered":"<p>Qu&rsquo;est-ce que la d\u00e9mat\u00e9rialisation ? La d\u00e9mat\u00e9rialisation consiste \u00e0 transf\u00e9rer les donn\u00e9es d\u2019un support mat\u00e9riel (souvent papier) \u00e0 un su<\/p>\n","protected":false},"author":1,"featured_media":212,"parent":0,"menu_order":0,"comment_status":"closed","ping_status":"closed","template":"fullwidth.php","meta":{"footnotes":""},"aioseo_notices":[],"_links":{"self":[{"href":"https:\/\/ecotic.fr\/index.php\/wp-json\/wp\/v2\/pages\/252"}],"collection":[{"href":"https:\/\/ecotic.fr\/index.php\/wp-json\/wp\/v2\/pages"}],"about":[{"href":"https:\/\/ecotic.fr\/index.php\/wp-json\/wp\/v2\/types\/page"}],"author":[{"embeddable":true,"href":"https:\/\/ecotic.fr\/index.php\/wp-json\/wp\/v2\/users\/1"}],"replies":[{"embeddable":true,"href":"https:\/\/ecotic.fr\/index.php\/wp-json\/wp\/v2\/comments?post=252"}],"version-history":[{"count":13,"href":"https:\/\/ecotic.fr\/index.php\/wp-json\/wp\/v2\/pages\/252\/revisions"}],"predecessor-version":[{"id":277,"href":"https:\/\/ecotic.fr\/index.php\/wp-json\/wp\/v2\/pages\/252\/revisions\/277"}],"wp:featuredmedia":[{"embeddable":true,"href":"https:\/\/ecotic.fr\/index.php\/wp-json\/wp\/v2\/media\/212"}],"wp:attachment":[{"href":"https:\/\/ecotic.fr\/index.php\/wp-json\/wp\/v2\/media?parent=252"}],"curies":[{"name":"wp","href":"https:\/\/api.w.org\/{rel}","templated":true}]}}