{"id":271,"date":"2019-10-17T10:38:40","date_gmt":"2019-10-17T08:38:40","guid":{"rendered":"https:\/\/ecotic.fr\/?page_id=271"},"modified":"2022-06-01T01:17:44","modified_gmt":"2022-05-31T23:17:44","slug":"nos-solutions","status":"publish","type":"page","link":"https:\/\/ecotic.fr\/index.php\/nos-solutions\/","title":{"rendered":"Nos solutions efficientes"},"content":{"rendered":"<p><strong>Ecotic a construit son catalogue de solutions en prenant en compte des crit\u00e8res d&rsquo;efficience et de durabilit\u00e9.<\/strong><\/p>\n<p>&nbsp;<\/p>\n<p><strong>Equipements informatiques<\/strong><\/p>\n<p>Il n&rsquo;est pas toujours facile de choisir ses \u00e9quipements informatiques notamment en mati\u00e8re de dimensionnement et de durabilit\u00e9. Ecotic accompagne ses clients dans le l&rsquo;expression de leurs besoins et \u00a0dans leur choix d&rsquo;\u00e9quipements et de consommables informatiques. Bien que comp\u00e9titif en terme de prix et de qualit\u00e9 de service apr\u00e8s-vente, notamment en cas d&rsquo;intervention sous garantie, Ecotic n&rsquo;oblige aucunement ses clients \u00e0 lui acheter le mat\u00e9riel dans le cadre de ses contrats de prestation ou en mode projet.<\/p>\n<p>Dans le cadre de sa d\u00e9marche num\u00e9rique responsable, Ecotic peut aussi vous proposer des <a href=\"https:\/\/ecotic.fr\/index.php\/fourniture-dequipements-reconditionnes\/\">mat\u00e9riels reconditionn\u00e9s<\/a> avec des dur\u00e9es de garantie \u00e9quivalentes \u00e0 celles du neuf.<\/p>\n<p>Ecotic propose \u00e9galement <a href=\"https:\/\/ecotic.fr\/index.php\/location-courte-duree\/\">la location d&rsquo;\u00e9quipements informatiques en courte ou longue dur\u00e9e avec ou sans engagement.<\/a><\/p>\n<p>&nbsp;<\/p>\n<p><strong>Solutions cloud collaboratives<\/strong><\/p>\n<p>Messagerie \u00e9lectronique et instantan\u00e9e, gestion de plannings, espace de gestion de projet ou de partage documentaire, r\u00e9seau social interne\u2026 Les outils collaboratifs sont devenus des leviers d\u2019efficacit\u00e9 et de productivit\u00e9 indispensables au sein des entreprises. La tendance est aujourd\u2019hui \u00e0 l\u2019externalisation de ces\u00a0 solutions collaboratives.<\/p>\n<p>En savoir plus<\/p>\n<p>&nbsp;<\/p>\n<p><strong>Solutions de s\u00e9curit\u00e9<\/strong><\/p>\n<p>Toute entreprise quel que soit sa taille se doit de mettre en oeuvre des solutions de s\u00e9curit\u00e9 et de protection de ses donn\u00e9es. Il est n\u00e9cessaire de d\u00e9finir une politique de s\u00e9curit\u00e9 en lien avec la charte informatique.<\/p>\n<p><a href=\"https:\/\/ecotic.fr\/index.php\/solutions-de-securite\/\">En savoir plus<\/a><\/p>\n<p>&nbsp;<\/p>\n<p><strong>Sauvegarde externalis\u00e9e automatis\u00e9e<\/strong><\/p>\n<p>La solution de sauvegarde externalis\u00e9e automatis\u00e9e d&rsquo;Ecotic est destin\u00e9e aux TPE et PME d\u00e9sirant sauvegarder les donn\u00e9es informatiques de leur entreprise et de se pr\u00e9munir contre les risque de sinistres informatiques, vols, d\u00e9g\u00e2ts des eaux et incendie.La solution de sauvegarde de donn\u00e9es fonctionne sur tous les OS\u00a0 (postes individuels, serveurs, NAS, stockages distants) et permet de sauvegarder tous types de fichiers ainsi que les bases de donn\u00e9es.<\/p>\n<p>Les serveurs de sauvegarde sont h\u00e9berg\u00e9s en France dans deux datacenters distincts.<\/p>\n<p><a href=\"https:\/\/ecotic.fr\/index.php\/nos-solutions-de-sauvegarde\/\">En savoir plus<\/a><\/p>\n<p>&nbsp;<\/p>\n<p><strong>Solutions Open Source<\/strong><\/p>\n<p>Qu\u2019est ce que l\u2019Open Source ?<\/p>\n<p>La d\u00e9signation Open Source est utilis\u00e9e pour d\u00e9finir les logiciels dont la licence autorise sa libre distribution et l\u2019acc\u00e8s \u00e0 son code source. Chaque logiciel Open Source est associ\u00e9 \u00e0 une communaut\u00e9 qui fait \u00e9voluer et vivre le logiciel. Il existe des applications Open Source pour une multitudes de domaines.<\/p>\n<p><a href=\"https:\/\/ecotic.fr\/index.php\/nos-solutions\/open-source\/\">En savoir plus<\/a><\/p>\n<p>&nbsp;<\/p>\n<p><strong>T\u00e9l\u00e9coms<\/strong><\/p>\n<p style=\"padding-left: 40px;\"><strong><em>Votre t\u00e9l\u00e9phonie<\/em><\/strong><\/p>\n<p>Ecotic fait le choix de promouvoir essentiellement des offres qui s&rsquo;appuient sur les \u00e9quipements essentiels \u00e0 vos collaborateurs, \u00e0 savoir un ordinateur et un t\u00e9l\u00e9phone mobile, limitant ainsi les co\u00fbts et les impacts environnementaux.<\/p>\n<p>Plus d&rsquo;autocom (PABX IP) sur site, plus de combin\u00e9s t\u00e9l\u00e9phoniques, tout est int\u00e9gr\u00e9 sur l&rsquo;ordinateur ou sur le smartphone de vos collaborateurs avec tous les services courants en mati\u00e8re de t\u00e9l\u00e9phonie : R\u00e9pondeur, conf\u00e9rence, attente musicale, standard vocal interactif (SVI), r\u00e9pondeurs, renvois, filtrage,&#8230;<\/p>\n<p>Nous proposons \u00e9galement l&rsquo;int\u00e9gration de votre t\u00e9l\u00e9phonie en conservant bien entendu vos num\u00e9ros de t\u00e9l\u00e9phones dans les offres Microsoft 365 (Int\u00e9gration dans Teams).<\/p>\n<p>Que ce soit pour r\u00e9pondre aux appels sur votre ligne principale ou pour permettre le transfert simplifi\u00e9 d&rsquo;appels \u00e0 vos collaborateurs, nous avons la solution. Nous pouvons \u00e9galement proposer des solutions de convergence fixe-mobile pour plus de flexibilit\u00e9 en mati\u00e8re de mobilit\u00e9.<\/p>\n<p style=\"padding-left: 40px;\"><strong><em>Vos liens data \/ Internet \/ VPN multisites<\/em><\/strong><\/p>\n<p>Ecotic propose une large gamme d&rsquo;acc\u00e8s Fibre selon vos besoins, vos usages, et les contraintes li\u00e9es notamment \u00e0 l&rsquo;\u00e9ligibilit\u00e9.<\/p>\n","protected":false},"excerpt":{"rendered":"<p>Ecotic a construit son catalogue de solutions en prenant en compte des crit\u00e8res d&rsquo;efficience et de durabilit\u00e9. &nbsp; Equipements informatiques Il <\/p>\n","protected":false},"author":1,"featured_media":0,"parent":0,"menu_order":0,"comment_status":"closed","ping_status":"closed","template":"fullwidth.php","meta":{"footnotes":""},"aioseo_notices":[],"_links":{"self":[{"href":"https:\/\/ecotic.fr\/index.php\/wp-json\/wp\/v2\/pages\/271"}],"collection":[{"href":"https:\/\/ecotic.fr\/index.php\/wp-json\/wp\/v2\/pages"}],"about":[{"href":"https:\/\/ecotic.fr\/index.php\/wp-json\/wp\/v2\/types\/page"}],"author":[{"embeddable":true,"href":"https:\/\/ecotic.fr\/index.php\/wp-json\/wp\/v2\/users\/1"}],"replies":[{"embeddable":true,"href":"https:\/\/ecotic.fr\/index.php\/wp-json\/wp\/v2\/comments?post=271"}],"version-history":[{"count":25,"href":"https:\/\/ecotic.fr\/index.php\/wp-json\/wp\/v2\/pages\/271\/revisions"}],"predecessor-version":[{"id":847,"href":"https:\/\/ecotic.fr\/index.php\/wp-json\/wp\/v2\/pages\/271\/revisions\/847"}],"wp:attachment":[{"href":"https:\/\/ecotic.fr\/index.php\/wp-json\/wp\/v2\/media?parent=271"}],"curies":[{"name":"wp","href":"https:\/\/api.w.org\/{rel}","templated":true}]}}