{"id":313,"date":"2020-01-10T11:18:04","date_gmt":"2020-01-10T10:18:04","guid":{"rendered":"https:\/\/ecotic.fr\/?page_id=313"},"modified":"2021-02-22T14:52:17","modified_gmt":"2021-02-22T13:52:17","slug":"lexique-du-numerique-responsable","status":"publish","type":"page","link":"https:\/\/ecotic.fr\/index.php\/lexique-du-numerique-responsable\/","title":{"rendered":"Lexique du num\u00e9rique responsable"},"content":{"rendered":"<p><strong>Lexique du num\u00e9rique responsable<\/strong><\/p>\n<p><strong>\u00a0<\/strong><\/p>\n<p>Ce lexique regroupe de mani\u00e8re non exhaustive les termes et notions rattachables au sujet du num\u00e9rique responsable. Certains sont connus, d\u2019autres beaucoup moins.<\/p>\n<p>&nbsp;<\/p>\n<p><strong>3P<\/strong><\/p>\n<p>People Planet Profit<\/p>\n<div class=\"page\" title=\"Page 1\">\n<div class=\"layoutArea\">\n<div class=\"column\">\n<p>L\u2019approche Triple Bottom Line ou Triple Approche en fran\u00e7ais, est une \u201cconception selon laquelle les performances globales d&rsquo;une entreprise doivent \u00eatre mesur\u00e9es en fonction de sa contribution combin\u00e9e \u00e0 la prosp\u00e9rit\u00e9 \u00e9conomique, \u00e0 la qualit\u00e9 de l&rsquo;environnement et au capital social\u201d.<\/p>\n<\/div>\n<\/div>\n<\/div>\n<p><strong>\u00a0<\/strong><\/p>\n<p><strong>4R (R\u00e9duire, r\u00e9parer, r\u00e9employer,recycler)<\/strong><\/p>\n<p>REDUIRE\u00a0au moment de l\u2019achat : pertinence de l&rsquo;achat, choix responsable, bon dimensionnement&#8230;<\/p>\n<p>REPARER\u00a0pour prolonger la vie de l\u2019objet<\/p>\n<p>REEMPLOYER\u00a0plut\u00f4t que de jeter<\/p>\n<p>RECYCLER\u00a0en respectant les r\u00e8gles de tri.<\/p>\n<p>&nbsp;<\/p>\n<p><strong>Accessibilit\u00e9 num\u00e9rique<\/strong><\/p>\n<p>L&rsquo;<b>accessibilit\u00e9 num\u00e9rique<\/b> est la mise \u00e0 la disposition de tous les individus, quels que soient leur mat\u00e9riel ou logiciel, leur infrastructure\u00a0r\u00e9seau, leur langue maternelle, leur culture, leur localisation g\u00e9ographique, ou leurs aptitudes physiques ou mentales, des ressources num\u00e9riques.<\/p>\n<p><strong>\u00a0<\/strong><\/p>\n<p><strong>ACV (Analyse de cycle de vie)<\/strong><\/p>\n<p>L\u2019analyse du cycle de vie est l&rsquo;outil le plus abouti en mati\u00e8re d\u2019\u00e9valuation globale et multicrit\u00e8re des impacts environnementaux. Cette m\u00e9thode normalis\u00e9e permet de mesurer les effets quantifiables de produits ou de services sur l\u2019environnement.<strong>\u00a0<\/strong><\/p>\n<p><strong>\u00a0<\/strong><\/p>\n<p><strong>Consommation \u00e9nerg\u00e9tique<\/strong><\/p>\n<p>&nbsp;<\/p>\n<p><strong>CoRSen<\/strong><\/p>\n<p>D\u00e9marche de <strong>conception responsable des services num\u00e9riques<\/strong><\/p>\n<p><strong>\u00a0<\/strong><\/p>\n<p><strong>DEEE (d\u00e9chets d\u2019\u00e9quipements \u00e9lectriques et \u00e9lectroniques)<\/strong><\/p>\n<p>Les D\u00e9chets d&rsquo;Equipements Electriques et Electroniques.<\/p>\n<p>Les DEEE sont d\u00e9finis par l&rsquo;article R543-172 du code de l&rsquo;environnement<br \/>\n\u00ab\u00a0On entend par \u00ab\u00a0\u00e9quipements \u00e9lectriques et \u00e9lectroniques\u00a0\u00bb les \u00e9quipements fonctionnant gr\u00e2ce \u00e0 des courants \u00e9lectriques ou \u00e0 des champs \u00e9lectromagn\u00e9tiques, ainsi que les \u00e9quipements de production, de transfert et de mesure de ces courants et champs, con\u00e7us pour \u00eatre utilis\u00e9s \u00e0 une tension ne d\u00e9passant pas 1 000 volts en courant alternatif et 1 500 volts en courant continu.\u00a0\u00bb<\/p>\n<p>La collecte des d\u00e9chets d\u2019\u00e9quipements \u00e9lectriques et \u00e9lectroniques (DEEE) doit s&rsquo;accompagner du tri, du traitement s\u00e9lectif et de la valorisation des d\u00e9chets. Elle est mise en oeuvre par l&rsquo;entreprise, ou confi\u00e9e \u00e0 des \u00e9co-organismes agr\u00e9\u00e9s.<\/p>\n<p><strong>\u00a0<\/strong><strong>\u00a0<\/strong><\/p>\n<p><strong>Ecoconception<\/strong><\/p>\n<p>ou eco-conception.<\/p>\n<p>Selon le standard international ISO 14062, \u00ab\u00a0l&rsquo;\u00e9co-conception\u00a0\u00bb consiste \u00e0 int\u00e9grer l&rsquo;environnement d\u00e8s la conception d&rsquo;un produit ou service, et \u00e0 toutes les \u00e9tapes de son cycle de vie\u00a0\u00bb.<\/p>\n<p><strong>\u00a0<\/strong><\/p>\n<p><strong>Ecolabel informatique<\/strong><\/p>\n<p>Les \u00e9colabels sont destin\u00e9s \u00e0 promouvoir la conception, la commercialisation et l&rsquo;utilisation de produits et services ayant un impact moindre sur l&rsquo;environnement \u00e0 chaque \u00e9table de leur cycle de vie.<\/p>\n<p><strong>\u00a0<\/strong><strong>\u00a0<\/strong><\/p>\n<p><strong>Effet rebond<\/strong><\/p>\n<p>L&rsquo;effet rebond exprime l\u2019id\u00e9e qu\u2019une innovation visant \u00e0 l\u2019utilisation plus efficace d\u2019une ressource, dans le but d\u2019en r\u00e9duire la consommation, entra\u00eene habituellement une augmentation plus ou moins importante de la consommation globale de cette ressource. C\u2019est le plus souvent la consommation d\u2019\u00e9nergie qui est concern\u00e9e. Ainsi apr\u00e8s une innovation qui rend un \u00e9quipement plus efficace, une partie ou la totalit\u00e9 du gain potentiel que l\u2019on pouvait attendre de cette innovation est annihil\u00e9e suite \u00e0 diff\u00e9rentes augmentations de consommation r\u00e9sultant de m\u00e9canismes divers tant micro que macro-\u00e9conomiques.<\/p>\n<p><strong>\u00a0<\/strong><strong>\u00a0<\/strong><\/p>\n<p><strong>Facteur 4<\/strong><\/p>\n<p>La notion de \u00ab\u00a0facteur 4\u00a0\u00bb , d\u00e9fini en\u00a01990 par les experts du Club de Rome, d\u00e9signe l\u2019objectif d\u2019un pays de diviser par 4 ses \u00e9missions de gaz \u00e0 effet de serre (GES) entre le niveau de 1990 et celui de 2050. Cet objectif est consid\u00e9r\u00e9 par le GIEC (Groupe d\u2019experts intergouvernemental sur l\u2019\u00e9volution du climat) comme l\u2019effort n\u00e9cessaire \u00e0 r\u00e9aliser par les pays industrialis\u00e9s pour limiter la hausse de la temp\u00e9rature moyenne sur la plan\u00e8te \u00e0 +2\u00b0C d\u2019ici 2100.<\/p>\n<p><strong>\u00a0<\/strong><strong>\u00a0<\/strong><\/p>\n<p><strong>Green IT<\/strong><\/p>\n<div>L&rsquo;informatique durable, l&rsquo;informatique verte, le num\u00e9rique responsable, ou encore le green IT est un ensemble de techniques visant \u00e0 r\u00e9duire l\u2019empreinte sociale, \u00e9conomique et environnementale du num\u00e9rique.<\/div>\n<p><strong>\u00a0<\/strong><\/p>\n<p><strong>Greenwashing<\/strong><\/p>\n<p>Le greenwashing, aussi nomm\u00e9 \u00e9coblanchiment ou verdissage, est un proc\u00e9d\u00e9 de marketing ou de relations publiques utilis\u00e9 par une organisation (entreprise, entit\u00e9 publique nationale ou territoriale, etc.) dans le but de se donner une image de responsabilit\u00e9 \u00e9cologique trompeuse.<\/p>\n<p>&nbsp;<\/p>\n<p><strong>Illectronisme<\/strong><\/p>\n<p>L\u2019<b>illectronisme<\/b>, <b>inhabilet\u00e9 num\u00e9rique<\/b>, <b>illettrisme num\u00e9rique<\/b>, ou encore <b>illettrisme \u00e9lectronique<\/b>, est la difficult\u00e9, voire l&rsquo;incapacit\u00e9, que rencontre une personne \u00e0 utiliser les appareils num\u00e9riques et les outils informatiques en raison d&rsquo;un manque ou d&rsquo;une absence totale de connaissances \u00e0 propos de leur fonctionnement.<\/p>\n<p>&nbsp;<\/p>\n<p><strong>Indice de r\u00e9parabilit\u00e9<\/strong><\/p>\n<p>Depuis le 1er janvier 2021, le caract\u00e8re r\u00e9parable d&rsquo;un produit est not\u00e9 par un <strong>indice de r\u00e9parabilit\u00e9<\/strong>. Dans le domaine de l&rsquo;informatique et des t\u00e9l\u00e9coms, les ordinateurs portables et les smartphones sont pour l&rsquo;instant les seuls produits concern\u00e9s.\u00a0Ce nouvel indice de r\u00e9parabilit\u00e9 d\u00e9coule de la <strong>Loi anti-gaspillage pour une \u00e9conomie circulaire<\/strong>.<\/p>\n<p>Le calcul de l\u2019indice de r\u00e9parabilit\u00e9\u00a0 repose sur cinq crit\u00e8res comptant chacun pour 20% du score final.<\/p>\n<ul type=\"disc\">\n<li>La documentation\u00a0: score d\u00e9termin\u00e9 par l\u2019engagement du fabricant \u00e0 rendre disponibles gratuitement, en nombre d\u2019ann\u00e9es, des documents techniques aupr\u00e8s des r\u00e9parateurs et des consommateurs.<\/li>\n<li>La d\u00e9montabilit\u00e9 et acc\u00e8s, outils, fixations\u00a0: score d\u00e9termin\u00e9 par la facilit\u00e9 de d\u00e9montage du produit, le type d\u2019outils n\u00e9cessaires et les caract\u00e9ristiques des fixations.<\/li>\n<li>La disponibilit\u00e9 des pi\u00e8ces d\u00e9tach\u00e9es\u00a0: score d\u00e9termin\u00e9 par l\u2019engagement du fabricant sur la dur\u00e9e de disponibilit\u00e9 des pi\u00e8ces d\u00e9tach\u00e9es et sur le d\u00e9lai de leur livraison.<\/li>\n<li>Le prix des pi\u00e8ces d\u00e9tach\u00e9es\u00a0: score d\u00e9termin\u00e9 par le rapport entre le prix de vente des pi\u00e8ces d\u00e9tach\u00e9es et le prix du produit.<\/li>\n<li>Sp\u00e9cifiques\u00a0: score d\u00e9termin\u00e9 par des sous-crit\u00e8res propres \u00e0 la cat\u00e9gorie de produits concern\u00e9e.<\/li>\n<\/ul>\n<p>&nbsp;<\/p>\n<p><strong>Low-tech num\u00e9rique<\/strong><\/p>\n<p>La low-tech num\u00e9rique consiste \u00e0 utiliser des technologies num\u00e9riques robustes, simples, moins importantes sur l&rsquo;environnement, peu consommatrices de ressources et tr\u00e8s largement r\u00e9pandues, pour r\u00e9pondre aux besoins quotidiens. (d\u00e9finition\u00a0GreenIT.fr)<strong>\u00a0<\/strong><\/p>\n<p><strong>\u00a0<\/strong><\/p>\n<p><strong>Sac \u00e0 dos \u00e9cologique<\/strong><\/p>\n<p>Ou notion d&#8217;empreinte cach\u00e9e. Il s&rsquo;agit de tenir compte de l&rsquo;impact environnemental d&rsquo;un objet avant m\u00eame qu&rsquo;il n&rsquo;ait \u00e9t\u00e9 utilis\u00e9, toutes les pollutions induites ou les ressources pr\u00e9lev\u00e9es pour le fabriquer.<\/p>\n<p><strong>\u00a0<\/strong><strong>\u00a0<\/strong><\/p>\n<p><strong>Transformation num\u00e9rique<\/strong><\/p>\n<p><strong>\u00a0<\/strong><strong>\u00a0<\/strong><\/p>\n<p><strong>WEEE<\/strong><\/p>\n<p>Voir DEEE<\/p>\n<p>&nbsp;<\/p>\n<p><strong>RoHS<\/strong><\/p>\n<p>La Directive europ\u00e9enne 2002\/95\/CE RoHS \u00a0(Restriction of hazardous substances in electrical and electronic equipments) vise \u00e0 limiter l&rsquo;utilisation de six substances dangereuses dans les \u00e9quipements \u00e9lectriques et \u00e9lectroniques<\/p>\n<p>&nbsp;<\/p>\n<p><strong>Sobri\u00e9t\u00e9 num\u00e9rique<\/strong><\/p>\n<p>La sobri\u00e9t\u00e9 num\u00e9rique est une d\u00e9marche qui vise \u00e0 r\u00e9duire l&rsquo;impact environnemental du num\u00e9rique. L&rsquo;expression \u00ab\u00a0sobri\u00e9t\u00e9 num\u00e9rique\u00a0\u00bb a \u00e9t\u00e9 forg\u00e9e en 2008 par l&rsquo;association GreenIT.fr pour d\u00e9signer \u00ab\u00a0la d\u00e9marche qui consiste \u00e0 concevoir des services num\u00e9riques plus sobres et \u00e0 mod\u00e9rer ses usages num\u00e9riques quotidiens\u00bb.<\/p>\n","protected":false},"excerpt":{"rendered":"<p>Lexique du num\u00e9rique responsable \u00a0 Ce lexique regroupe de mani\u00e8re non exhaustive les termes et notions rattachables au sujet du num\u00e9rique responsable. <\/p>\n","protected":false},"author":1,"featured_media":0,"parent":0,"menu_order":0,"comment_status":"closed","ping_status":"closed","template":"","meta":{"footnotes":""},"aioseo_notices":[],"_links":{"self":[{"href":"https:\/\/ecotic.fr\/index.php\/wp-json\/wp\/v2\/pages\/313"}],"collection":[{"href":"https:\/\/ecotic.fr\/index.php\/wp-json\/wp\/v2\/pages"}],"about":[{"href":"https:\/\/ecotic.fr\/index.php\/wp-json\/wp\/v2\/types\/page"}],"author":[{"embeddable":true,"href":"https:\/\/ecotic.fr\/index.php\/wp-json\/wp\/v2\/users\/1"}],"replies":[{"embeddable":true,"href":"https:\/\/ecotic.fr\/index.php\/wp-json\/wp\/v2\/comments?post=313"}],"version-history":[{"count":22,"href":"https:\/\/ecotic.fr\/index.php\/wp-json\/wp\/v2\/pages\/313\/revisions"}],"predecessor-version":[{"id":745,"href":"https:\/\/ecotic.fr\/index.php\/wp-json\/wp\/v2\/pages\/313\/revisions\/745"}],"wp:attachment":[{"href":"https:\/\/ecotic.fr\/index.php\/wp-json\/wp\/v2\/media?parent=313"}],"curies":[{"name":"wp","href":"https:\/\/api.w.org\/{rel}","templated":true}]}}