{"id":374,"date":"2019-12-18T15:55:49","date_gmt":"2019-12-18T14:55:49","guid":{"rendered":"https:\/\/ecotic.fr\/?page_id=374"},"modified":"2019-12-24T12:07:06","modified_gmt":"2019-12-24T11:07:06","slug":"recrutement","status":"publish","type":"page","link":"https:\/\/ecotic.fr\/index.php\/recrutement\/","title":{"rendered":"Recrutement"},"content":{"rendered":"<p>ECOTIC attache beaucoup d&rsquo;importance au recrutement de ses collaborateurs.<\/p>\n<p><span style=\"font-size: 14pt;\"><strong>ECOTIC recrute sur Lyon<\/strong><\/span><\/p>\n<p><strong>Des \u00a0techniciens ou techniciennes \u00a0Syst\u00e8mes et r\u00e9seaux<\/strong><\/p>\n<p>Communicant(e), motiv\u00e9(e) et enthousiaste, autonome et proactif(ve), rigoureux(se) et m\u00e9thodique.<\/p>\n<p>&nbsp;<\/p>\n<p><strong>Missions<\/strong><\/p>\n<p>Vous intervenez chez nos clients dans la r\u00e9gion lyonnaise de type TPE\/PME et professions lib\u00e9rales pour installer des mat\u00e9riels informatiques et p\u00e9riph\u00e9riques, des solutions informatiques compl\u00e8tes et pour r\u00e9aliser des d\u00e9pannages hardware et software. A l&rsquo;issue de vos interventions, vous r\u00e9digez des rapports de suivi.<\/p>\n<p>&nbsp;<\/p>\n<p><b>CONNAISSANCES TECHNIQUES REQUISES (non exhaustives) : <\/b><\/p>\n<ul>\n<li>Installation et param\u00e9trage postes clients en r\u00e9seau (Windows 7, 10, Mac )<\/li>\n<li>Installation et param\u00e9trage de serveurs (\u00e0 Partir Windows Serveur 2012), Active Directory, GPO, DNS,&#8230;<\/li>\n<li>Support aux utilisateurs, intervention sur sites clients<\/li>\n<li>Installation mat\u00e9riels r\u00e9seaux (Copieurs, Imprimantes,&#8230;)<\/li>\n<li>Administration de comptes de messagerie<\/li>\n<li>Maitrise Outil de Sauvegarde<\/li>\n<li>Maitrise NAS<\/li>\n<li>Configuration de Firewall (Maitrise\u00a0NAT, DNS, DHCP, VLAN, QOS, VPN&#8230;)<\/li>\n<\/ul>\n<p>Exp\u00e9rience souhait\u00e9e : exp\u00e9rience de 3 \u00e0 5 ans en SSII ou chez un ou plusieurs clients finaux.<\/p>\n<p>Type de poste : CDI<\/p>\n<p>Permis B indispensable<\/p>\n<p>&nbsp;<\/p>\n<p><strong>Un stagiaire<\/strong><\/p>\n<p>Formation informatique.<\/p>\n<p>Communicant et curieux.<\/p>\n<p>Poste \u00e0 pourvoir imm\u00e9diatement<\/p>\n","protected":false},"excerpt":{"rendered":"<p>ECOTIC attache beaucoup d&rsquo;importance au recrutement de ses collaborateurs. ECOTIC recrute sur Lyon Des \u00a0techniciens ou techniciennes \u00a0Syst\u00e8mes et <\/p>\n","protected":false},"author":1,"featured_media":0,"parent":0,"menu_order":0,"comment_status":"closed","ping_status":"closed","template":"","meta":{"footnotes":""},"aioseo_notices":[],"_links":{"self":[{"href":"https:\/\/ecotic.fr\/index.php\/wp-json\/wp\/v2\/pages\/374"}],"collection":[{"href":"https:\/\/ecotic.fr\/index.php\/wp-json\/wp\/v2\/pages"}],"about":[{"href":"https:\/\/ecotic.fr\/index.php\/wp-json\/wp\/v2\/types\/page"}],"author":[{"embeddable":true,"href":"https:\/\/ecotic.fr\/index.php\/wp-json\/wp\/v2\/users\/1"}],"replies":[{"embeddable":true,"href":"https:\/\/ecotic.fr\/index.php\/wp-json\/wp\/v2\/comments?post=374"}],"version-history":[{"count":9,"href":"https:\/\/ecotic.fr\/index.php\/wp-json\/wp\/v2\/pages\/374\/revisions"}],"predecessor-version":[{"id":388,"href":"https:\/\/ecotic.fr\/index.php\/wp-json\/wp\/v2\/pages\/374\/revisions\/388"}],"wp:attachment":[{"href":"https:\/\/ecotic.fr\/index.php\/wp-json\/wp\/v2\/media?parent=374"}],"curies":[{"name":"wp","href":"https:\/\/api.w.org\/{rel}","templated":true}]}}