{"id":419,"date":"2020-01-06T17:32:16","date_gmt":"2020-01-06T16:32:16","guid":{"rendered":"https:\/\/ecotic.fr\/?page_id=419"},"modified":"2020-02-04T23:33:52","modified_gmt":"2020-02-04T22:33:52","slug":"a-propos-du-dirigeant","status":"publish","type":"page","link":"https:\/\/ecotic.fr\/index.php\/a-propos-du-dirigeant\/","title":{"rendered":"A propos du dirigeant"},"content":{"rendered":"<p><img fetchpriority=\"high\" decoding=\"async\" class=\"wp-image-420 alignleft\" src=\"https:\/\/ecotic.fr\/wp-content\/uploads\/2020\/01\/0004_2019-10-10_12-58-44_bw_print.jpg\" alt=\"Johan Laroussinie\" width=\"209\" height=\"283\" srcset=\"https:\/\/ecotic.fr\/wp-content\/uploads\/2020\/01\/0004_2019-10-10_12-58-44_bw_print.jpg 915w, https:\/\/ecotic.fr\/wp-content\/uploads\/2020\/01\/0004_2019-10-10_12-58-44_bw_print-222x300.jpg 222w, https:\/\/ecotic.fr\/wp-content\/uploads\/2020\/01\/0004_2019-10-10_12-58-44_bw_print-757x1024.jpg 757w, https:\/\/ecotic.fr\/wp-content\/uploads\/2020\/01\/0004_2019-10-10_12-58-44_bw_print-768x1038.jpg 768w\" sizes=\"(max-width: 209px) 100vw, 209px\" \/><\/p>\n<p><span class=\"lt-line-clamp__raw-line\">Fort de plus de 20 ans d&rsquo;exp\u00e9rience dans le domaine informatique, Johan Laroussinie a accompagn\u00e9 un grand nombre de TPE-PME dans leur transformation num\u00e9rique, en tant que consultant, chef de projet ou formateur. Jusqu&rsquo;ici dirigeant, entrepreneur innovant, sa nouvelle orientation professionnelle est le num\u00e9rique responsable, durable, concr\u00e9tis\u00e9e par le lancement de la soci\u00e9t\u00e9 ECOTIC en 2020.<\/span><\/p>\n<div class=\"LI-profile-badge\" data-version=\"v1\" data-size=\"large\" data-locale=\"fr_FR\" data-type=\"horizontal\" data-theme=\"light\" data-vanity=\"johan-laroussinie\"><a class=\"LI-simple-link\" href=\"https:\/\/fr.linkedin.com\/in\/johan-laroussinie?trk=profile-badge\" target=\"_blank\" rel=\"noopener noreferrer\">Profil Linkedin Johan Laroussinie<\/a><\/div>\n","protected":false},"excerpt":{"rendered":"<p>Fort de plus de 20 ans d&rsquo;exp\u00e9rience dans le domaine informatique, Johan Laroussinie a accompagn\u00e9 un grand nombre de TPE-PME dans leur transformatio<\/p>\n","protected":false},"author":1,"featured_media":0,"parent":0,"menu_order":0,"comment_status":"closed","ping_status":"closed","template":"","meta":{"footnotes":""},"aioseo_notices":[],"_links":{"self":[{"href":"https:\/\/ecotic.fr\/index.php\/wp-json\/wp\/v2\/pages\/419"}],"collection":[{"href":"https:\/\/ecotic.fr\/index.php\/wp-json\/wp\/v2\/pages"}],"about":[{"href":"https:\/\/ecotic.fr\/index.php\/wp-json\/wp\/v2\/types\/page"}],"author":[{"embeddable":true,"href":"https:\/\/ecotic.fr\/index.php\/wp-json\/wp\/v2\/users\/1"}],"replies":[{"embeddable":true,"href":"https:\/\/ecotic.fr\/index.php\/wp-json\/wp\/v2\/comments?post=419"}],"version-history":[{"count":10,"href":"https:\/\/ecotic.fr\/index.php\/wp-json\/wp\/v2\/pages\/419\/revisions"}],"predecessor-version":[{"id":481,"href":"https:\/\/ecotic.fr\/index.php\/wp-json\/wp\/v2\/pages\/419\/revisions\/481"}],"wp:attachment":[{"href":"https:\/\/ecotic.fr\/index.php\/wp-json\/wp\/v2\/media?parent=419"}],"curies":[{"name":"wp","href":"https:\/\/api.w.org\/{rel}","templated":true}]}}