{"id":458,"date":"2020-01-16T12:42:01","date_gmt":"2020-01-16T11:42:01","guid":{"rendered":"https:\/\/ecotic.fr\/?page_id=458"},"modified":"2020-01-16T12:42:01","modified_gmt":"2020-01-16T11:42:01","slug":"solutions-de-securite","status":"publish","type":"page","link":"https:\/\/ecotic.fr\/index.php\/solutions-de-securite\/","title":{"rendered":"Solutions de s\u00e9curit\u00e9"},"content":{"rendered":"<p><span style=\"font-size: 12pt;\"><strong>La s\u00e9curit\u00e9 informatique peut se r\u00e9sumer en 8\u00a0grandes familles<\/strong><\/span><\/p>\n<p>Protection physique des infrastructures<\/p>\n<p>Protection du r\u00e9seau informatique<\/p>\n<p>Protection de l&rsquo;acc\u00e8s \u00e0 internet<\/p>\n<p>Protection des donn\u00e9es informatiques<\/p>\n<p>Filtrage des courriers \u00e9lectroniques<\/p>\n<p>Cryptage des donn\u00e9es<\/p>\n<p>Sensibilisation des utilisateurs<\/p>\n<p>Anticipation et pr\u00e9vention<\/p>\n","protected":false},"excerpt":{"rendered":"<p>La s\u00e9curit\u00e9 informatique peut se r\u00e9sumer en 8\u00a0grandes familles Protection physique des infrastructures Protection du r\u00e9seau informatique Protection de<\/p>\n","protected":false},"author":1,"featured_media":0,"parent":0,"menu_order":0,"comment_status":"closed","ping_status":"closed","template":"","meta":{"footnotes":""},"aioseo_notices":[],"_links":{"self":[{"href":"https:\/\/ecotic.fr\/index.php\/wp-json\/wp\/v2\/pages\/458"}],"collection":[{"href":"https:\/\/ecotic.fr\/index.php\/wp-json\/wp\/v2\/pages"}],"about":[{"href":"https:\/\/ecotic.fr\/index.php\/wp-json\/wp\/v2\/types\/page"}],"author":[{"embeddable":true,"href":"https:\/\/ecotic.fr\/index.php\/wp-json\/wp\/v2\/users\/1"}],"replies":[{"embeddable":true,"href":"https:\/\/ecotic.fr\/index.php\/wp-json\/wp\/v2\/comments?post=458"}],"version-history":[{"count":2,"href":"https:\/\/ecotic.fr\/index.php\/wp-json\/wp\/v2\/pages\/458\/revisions"}],"predecessor-version":[{"id":460,"href":"https:\/\/ecotic.fr\/index.php\/wp-json\/wp\/v2\/pages\/458\/revisions\/460"}],"wp:attachment":[{"href":"https:\/\/ecotic.fr\/index.php\/wp-json\/wp\/v2\/media?parent=458"}],"curies":[{"name":"wp","href":"https:\/\/api.w.org\/{rel}","templated":true}]}}