{"id":472,"date":"2020-01-27T19:45:43","date_gmt":"2020-01-27T18:45:43","guid":{"rendered":"https:\/\/ecotic.fr\/?page_id=472"},"modified":"2023-05-25T23:31:30","modified_gmt":"2023-05-25T21:31:30","slug":"solutionscloud-saas-hebergement","status":"publish","type":"page","link":"https:\/\/ecotic.fr\/index.php\/solutionscloud-saas-hebergement\/","title":{"rendered":"Solutions cloud, SAAS, h\u00e9bergement"},"content":{"rendered":"<p><strong><span style=\"font-size: 14pt;\">Solutions cloud collaboratives<\/span><\/strong><\/p>\n<p>&nbsp;<\/p>\n<p><span style=\"font-size: 12pt;\">En mati\u00e8re de solutions cloud collaboratives, Ecotic a fait le choix de proposer les solutions Microsoft 365.<\/span><\/p>\n<p class=\"accroche\"><strong><span style=\"font-size: 12pt;\">Microsoft 365 est une suite d\u2019outils de productivit\u00e9 et de collaboration, conviviaux, fournis via le cloud et qui b\u00e9n\u00e9ficient de mises \u00e0 jour permanentes.<\/span><\/strong><\/p>\n<p><strong><span style=\"font-size: 12pt;\">Tous les utilisateurs peuvent travailler ensemble, o\u00f9 qu\u2019ils soient, en acc\u00e9dant \u00e0 leurs courriers \u00e9lectroniques, conf\u00e9rences Web, documents et calendriers sur tous supports : Outlook, acc\u00e8s web, smartphones, IPhone, tablette, \u2026<\/span><\/strong><\/p>\n<p>&nbsp;<\/p>\n<ul>\n<li><span style=\"font-size: 12pt;\">Microsoft 365 permet une disponibilit\u00e9 des fichiers hors connexion qui seront automatiquement synchronis\u00e9s \u00e0 chaque nouvelle connexion. Cet outil permet donc une mise \u00e0 jour permanente des informations entre tous les supports mat\u00e9riels utilis\u00e9s et entre tous les utilisateurs.<\/span><\/li>\n<li><span style=\"font-size: 12pt;\">Microsoft 365 est une solution s\u00e9curis\u00e9e avec des fonctionnalit\u00e9s compl\u00e8tes en mati\u00e8re de travail collaboratif et bas\u00e9e sur les technologies Microsoft. Que vous soyez une petite entreprise ou une multinationale, les offres d\u2019Office 365 sont con\u00e7ues pour r\u00e9pondre aux besoins uniques de votre entreprise.<\/span><\/li>\n<li><span style=\"font-size: 12pt;\">Microsoft 365 offre une interface intuitive qui permet aux entreprises de gagner en productivit\u00e9 et d\u2019offrir une r\u00e9elle flexibilit\u00e9 \u00e0 ses collaborateurs.<\/span><\/li>\n<li><span style=\"font-size: 12pt;\">Microsoft 365 int\u00e8gre un tableau de bord RGPD vous offrant notamment\u00a0une palette d&rsquo;outils d&rsquo;aide \u00e0 la mise en conformit\u00e9 RGPD.<\/span><\/li>\n<\/ul>\n<p><a href=\"https:\/\/ecotic.fr\/index.php\/offres-microsoft-365-pour-les-tpe-pme\/\">Offres Microsoft 365 pour les TPE-PME<\/a><\/p>\n<p>Offres Microsoft 365 pour les Grandes Entreprises<\/p>\n<p>&nbsp;<\/p>\n","protected":false},"excerpt":{"rendered":"<p>Solutions cloud collaboratives &nbsp; En mati\u00e8re de solutions cloud collaboratives, Ecotic a fait le choix de proposer les solutions Microsoft 365. Micros<\/p>\n","protected":false},"author":1,"featured_media":0,"parent":0,"menu_order":0,"comment_status":"closed","ping_status":"closed","template":"","meta":{"footnotes":""},"aioseo_notices":[],"_links":{"self":[{"href":"https:\/\/ecotic.fr\/index.php\/wp-json\/wp\/v2\/pages\/472"}],"collection":[{"href":"https:\/\/ecotic.fr\/index.php\/wp-json\/wp\/v2\/pages"}],"about":[{"href":"https:\/\/ecotic.fr\/index.php\/wp-json\/wp\/v2\/types\/page"}],"author":[{"embeddable":true,"href":"https:\/\/ecotic.fr\/index.php\/wp-json\/wp\/v2\/users\/1"}],"replies":[{"embeddable":true,"href":"https:\/\/ecotic.fr\/index.php\/wp-json\/wp\/v2\/comments?post=472"}],"version-history":[{"count":13,"href":"https:\/\/ecotic.fr\/index.php\/wp-json\/wp\/v2\/pages\/472\/revisions"}],"predecessor-version":[{"id":914,"href":"https:\/\/ecotic.fr\/index.php\/wp-json\/wp\/v2\/pages\/472\/revisions\/914"}],"wp:attachment":[{"href":"https:\/\/ecotic.fr\/index.php\/wp-json\/wp\/v2\/media?parent=472"}],"curies":[{"name":"wp","href":"https:\/\/api.w.org\/{rel}","templated":true}]}}