{"id":530,"date":"2020-04-03T11:43:08","date_gmt":"2020-04-03T09:43:08","guid":{"rendered":"https:\/\/ecotic.fr\/?page_id=530"},"modified":"2021-02-22T14:11:10","modified_gmt":"2021-02-22T13:11:10","slug":"prendre-rdv","status":"publish","type":"page","link":"https:\/\/ecotic.fr\/index.php\/prendre-rdv\/","title":{"rendered":"Prendre un rdv t\u00e9l\u00e9phonique"},"content":{"rendered":"<p><span style=\"font-size: 12pt;\"><strong>Vous souhaitez prendre un rdv t\u00e9l\u00e9phonique avec un collaborateur d&rsquo;ECOTIC ?<\/strong><\/span><\/p>\n<p>Pour une consultation initiale, un rdv commercial, ou une prestation \u00e0 distance si vous \u00eates d\u00e9j\u00e0 client, vous pouvez r\u00e9server un cr\u00e9neau horaire avec l&rsquo;un de nos collaborateurs en cliquant sur le lien ci-dessous ou en nous appelant au <strong>04 28 29 30 90<\/strong>.<\/p>\n<p>Vous recevrez un mail de confirmation avec la date et l&rsquo;heure choisie vous permettant facilement de reporter ou annuler le rendez-vous le cas \u00e9ch\u00e9ant.<\/p>\n<p><a href=\"https:\/\/outlook.office365.com\/owa\/calendar\/ECOTIC@ecotic.fr\/bookings\/\">Prendre RDV<\/a><\/p>\n<p>&nbsp;<\/p>\n<p><a href=\"https:\/\/outlook.office365.com\/owa\/calendar\/ECOTIC@ecotic.fr\/bookings\/\"><img fetchpriority=\"high\" decoding=\"async\" class=\" wp-image-537\" src=\"https:\/\/ecotic.fr\/wp-content\/uploads\/2020\/04\/assistance-telephonique-1024x683.jpeg\" alt=\"Hotline\" width=\"688\" height=\"459\" srcset=\"https:\/\/ecotic.fr\/wp-content\/uploads\/2020\/04\/assistance-telephonique-1024x683.jpeg 1024w, https:\/\/ecotic.fr\/wp-content\/uploads\/2020\/04\/assistance-telephonique-300x200.jpeg 300w, https:\/\/ecotic.fr\/wp-content\/uploads\/2020\/04\/assistance-telephonique-768x512.jpeg 768w, https:\/\/ecotic.fr\/wp-content\/uploads\/2020\/04\/assistance-telephonique-1536x1024.jpeg 1536w, https:\/\/ecotic.fr\/wp-content\/uploads\/2020\/04\/assistance-telephonique-2048x1365.jpeg 2048w\" sizes=\"(max-width: 688px) 100vw, 688px\" \/><\/a><\/p>\n","protected":false},"excerpt":{"rendered":"<p>Vous souhaitez prendre un rdv t\u00e9l\u00e9phonique avec un collaborateur d&rsquo;ECOTIC ? Pour une consultation initiale, un rdv commercial, ou une prestation \u00e0<\/p>\n","protected":false},"author":1,"featured_media":537,"parent":0,"menu_order":0,"comment_status":"closed","ping_status":"closed","template":"","meta":{"footnotes":""},"aioseo_notices":[],"_links":{"self":[{"href":"https:\/\/ecotic.fr\/index.php\/wp-json\/wp\/v2\/pages\/530"}],"collection":[{"href":"https:\/\/ecotic.fr\/index.php\/wp-json\/wp\/v2\/pages"}],"about":[{"href":"https:\/\/ecotic.fr\/index.php\/wp-json\/wp\/v2\/types\/page"}],"author":[{"embeddable":true,"href":"https:\/\/ecotic.fr\/index.php\/wp-json\/wp\/v2\/users\/1"}],"replies":[{"embeddable":true,"href":"https:\/\/ecotic.fr\/index.php\/wp-json\/wp\/v2\/comments?post=530"}],"version-history":[{"count":9,"href":"https:\/\/ecotic.fr\/index.php\/wp-json\/wp\/v2\/pages\/530\/revisions"}],"predecessor-version":[{"id":744,"href":"https:\/\/ecotic.fr\/index.php\/wp-json\/wp\/v2\/pages\/530\/revisions\/744"}],"wp:featuredmedia":[{"embeddable":true,"href":"https:\/\/ecotic.fr\/index.php\/wp-json\/wp\/v2\/media\/537"}],"wp:attachment":[{"href":"https:\/\/ecotic.fr\/index.php\/wp-json\/wp\/v2\/media?parent=530"}],"curies":[{"name":"wp","href":"https:\/\/api.w.org\/{rel}","templated":true}]}}