{"id":750,"date":"2021-02-23T11:55:24","date_gmt":"2021-02-23T10:55:24","guid":{"rendered":"https:\/\/ecotic.fr\/?page_id=750"},"modified":"2026-04-17T15:25:57","modified_gmt":"2026-04-17T13:25:57","slug":"nos-solutions-pour-le-domaine-de-leducation","status":"publish","type":"page","link":"https:\/\/ecotic.fr\/index.php\/nos-solutions-pour-le-domaine-de-leducation\/","title":{"rendered":"Nos solutions pour le domaine de l&rsquo;\u00e9ducation"},"content":{"rendered":"<p><strong>Nos\u00a0solutions pour le domaine de l&rsquo;\u00e9ducation<\/strong><\/p>\n<ul>\n<li>Gestion de projet globale, conseil, vente, et d\u00e9ploiement d\u2019\u00e9quipements et accessoires informatiques et de solutions logicielles.<\/li>\n<li>Infog\u00e9rance \/ maintenance pr\u00e9ventive et curative et gestion des mises \u00e0 jour<\/li>\n<li>\u00c9quipement de salles\u00a0ou d\u2019accueil : Solutions tableau blanc et vid\u00e9oprojecteur interactifs, affichage dynamique (\u00e9crans d&rsquo;information), de visioconf\u00e9rence<\/li>\n<li>Solutions de GED (gestion \u00e9lectronique de documents)<\/li>\n<li>Num\u00e9rique responsable (audit, conseil, sensibilisation, mise \u00e0 niveau de mat\u00e9riels, reconditionnement)<\/li>\n<\/ul>\n<p><strong>\u00a0<\/strong><\/p>\n<p><strong>Nos Partenaires Education<\/strong><\/p>\n<ul>\n<li>Microsoft Education (contrats de licences en volume Microsoft Open Education, Microsoft 365 Education\u2026)<\/li>\n<li>Epson Education<\/li>\n<li>Adobe<\/li>\n<li>TERRA<\/li>\n<li>HP<\/li>\n<li>LENOVO<\/li>\n<li>PAPERCUT<\/li>\n<li>&#8230;<\/li>\n<\/ul>\n<p style=\"text-align: center;\"><a href=\"https:\/\/ecotic.fr\/wp-content\/uploads\/2023\/11\/Ecotic_education.pdf\" target=\"_blank\" rel=\"noopener\">Cliquez pour t\u00e9l\u00e9charger notre plaquette Education au format PDF<\/a><br \/>\n<a href=\"https:\/\/ecotic.fr\/wp-content\/uploads\/2023\/11\/Ecotic_education.pdf\" target=\"_blank\" rel=\"noopener\"><img decoding=\"async\" class=\"aligncenter wp-image-968\" src=\"https:\/\/ecotic.fr\/wp-content\/uploads\/2023\/11\/Ecotic_education-1024x743.png\" alt=\"\" width=\"206\" height=\"149\" srcset=\"https:\/\/ecotic.fr\/wp-content\/uploads\/2023\/11\/Ecotic_education-1024x743.png 1024w, https:\/\/ecotic.fr\/wp-content\/uploads\/2023\/11\/Ecotic_education-300x218.png 300w, https:\/\/ecotic.fr\/wp-content\/uploads\/2023\/11\/Ecotic_education-768x557.png 768w, https:\/\/ecotic.fr\/wp-content\/uploads\/2023\/11\/Ecotic_education-1536x1115.png 1536w, https:\/\/ecotic.fr\/wp-content\/uploads\/2023\/11\/Ecotic_education-2048x1486.png 2048w\" sizes=\"(max-width: 206px) 100vw, 206px\" \/><\/a><\/p>\n<p>&nbsp;<\/p>\n<p><img fetchpriority=\"high\" decoding=\"async\" class=\" wp-image-958 aligncenter\" src=\"https:\/\/ecotic.fr\/wp-content\/uploads\/2023\/11\/ecotic_education-1024x683.jpg\" alt=\"-\" width=\"746\" height=\"497\" srcset=\"https:\/\/ecotic.fr\/wp-content\/uploads\/2023\/11\/ecotic_education-1024x683.jpg 1024w, https:\/\/ecotic.fr\/wp-content\/uploads\/2023\/11\/ecotic_education-300x200.jpg 300w, https:\/\/ecotic.fr\/wp-content\/uploads\/2023\/11\/ecotic_education-768x512.jpg 768w, https:\/\/ecotic.fr\/wp-content\/uploads\/2023\/11\/ecotic_education-1536x1024.jpg 1536w, https:\/\/ecotic.fr\/wp-content\/uploads\/2023\/11\/ecotic_education-2048x1365.jpg 2048w\" sizes=\"(max-width: 746px) 100vw, 746px\" \/><\/p>\n","protected":false},"excerpt":{"rendered":"<p>Nos\u00a0solutions pour le domaine de l&rsquo;\u00e9ducation Gestion de projet globale, conseil, vente, et d\u00e9ploiement d\u2019\u00e9quipements et accessoires informatiqu<\/p>\n","protected":false},"author":1,"featured_media":0,"parent":0,"menu_order":0,"comment_status":"closed","ping_status":"closed","template":"","meta":{"footnotes":""},"aioseo_notices":[],"_links":{"self":[{"href":"https:\/\/ecotic.fr\/index.php\/wp-json\/wp\/v2\/pages\/750"}],"collection":[{"href":"https:\/\/ecotic.fr\/index.php\/wp-json\/wp\/v2\/pages"}],"about":[{"href":"https:\/\/ecotic.fr\/index.php\/wp-json\/wp\/v2\/types\/page"}],"author":[{"embeddable":true,"href":"https:\/\/ecotic.fr\/index.php\/wp-json\/wp\/v2\/users\/1"}],"replies":[{"embeddable":true,"href":"https:\/\/ecotic.fr\/index.php\/wp-json\/wp\/v2\/comments?post=750"}],"version-history":[{"count":9,"href":"https:\/\/ecotic.fr\/index.php\/wp-json\/wp\/v2\/pages\/750\/revisions"}],"predecessor-version":[{"id":1095,"href":"https:\/\/ecotic.fr\/index.php\/wp-json\/wp\/v2\/pages\/750\/revisions\/1095"}],"wp:attachment":[{"href":"https:\/\/ecotic.fr\/index.php\/wp-json\/wp\/v2\/media?parent=750"}],"curies":[{"name":"wp","href":"https:\/\/api.w.org\/{rel}","templated":true}]}}