{"id":797,"date":"2021-11-03T13:56:11","date_gmt":"2021-11-03T12:56:11","guid":{"rendered":"https:\/\/ecotic.fr\/?page_id=797"},"modified":"2021-11-03T13:56:11","modified_gmt":"2021-11-03T12:56:11","slug":"fourniture-dequipements-reconditionnes","status":"publish","type":"page","link":"https:\/\/ecotic.fr\/index.php\/fourniture-dequipements-reconditionnes\/","title":{"rendered":"Fourniture d&rsquo;\u00e9quipements reconditionn\u00e9s"},"content":{"rendered":"<p>Dans le cadre de son engagement pour un num\u00e9rique plus responsable, ECOTIC propose du mat\u00e9riel informatique reconditionn\u00e9 avec des dur\u00e9es de garantie \u00e9quivalentes \u00e0 celles du neuf. Les \u00e9quipements reconditionn\u00e9s propos\u00e9s peuvent \u00eatre acquis ou <a href=\"https:\/\/ecotic.fr\/index.php\/location-courte-duree\/\">lou\u00e9s<\/a>.<\/p>\n<p>Parce que le crit\u00e8re de durabilit\u00e9 est essentiel dans notre d\u00e9marche, les \u00e9quipements sont reconditionn\u00e9es par ECOTIC avec un protocole tr\u00e8s strict.<\/p>\n<p><strong>Le reconditionnement ECOTIC en 5\u00a0\u00e9tapes<\/strong><\/p>\n<p><strong>V\u00e9rifier\u00a0<\/strong>selon une liste exhaustive de\u00a0points de contr\u00f4le d\u00e9finis par type de mat\u00e9riels.<\/p>\n<p><strong>Remplacer<\/strong> des pi\u00e8ces usag\u00e9es ou d\u00e9faillantes.<\/p>\n<p><strong>Mettre \u00e0 niveau <\/strong>si n\u00e9cessaire sur le plan logiciel en mettant \u00e0 jour le logiciel interne (Firmware) et\/ou le syst\u00e8me d&rsquo;exploitation par exemple; Ou mat\u00e9riel en augmentant\u00a0en rajoutant de la m\u00e9moire (RAM) ou en changeant un disque dur classique par un SSD par exemple.<\/p>\n<p><strong>Nettoyer et\u00a0d\u00e9poussi\u00e9rer<\/strong> l&rsquo;int\u00e9rieur et\u00a0l&rsquo;ext\u00e9rieur des\u00a0\u00e9quipements avec des protocoles et des produits adapt\u00e9s<\/p>\n<p><strong>Emballer <\/strong>efficacement<strong>\u00a0<\/strong>pour prot\u00e9ger les \u00e9quipements reconditionn\u00e9s lors du stockage et du transport.<\/p>\n","protected":false},"excerpt":{"rendered":"<p>Dans le cadre de son engagement pour un num\u00e9rique plus responsable, ECOTIC propose du mat\u00e9riel informatique reconditionn\u00e9 avec des dur\u00e9es de garantie ?<\/p>\n","protected":false},"author":1,"featured_media":0,"parent":0,"menu_order":0,"comment_status":"closed","ping_status":"closed","template":"","meta":{"footnotes":""},"aioseo_notices":[],"_links":{"self":[{"href":"https:\/\/ecotic.fr\/index.php\/wp-json\/wp\/v2\/pages\/797"}],"collection":[{"href":"https:\/\/ecotic.fr\/index.php\/wp-json\/wp\/v2\/pages"}],"about":[{"href":"https:\/\/ecotic.fr\/index.php\/wp-json\/wp\/v2\/types\/page"}],"author":[{"embeddable":true,"href":"https:\/\/ecotic.fr\/index.php\/wp-json\/wp\/v2\/users\/1"}],"replies":[{"embeddable":true,"href":"https:\/\/ecotic.fr\/index.php\/wp-json\/wp\/v2\/comments?post=797"}],"version-history":[{"count":3,"href":"https:\/\/ecotic.fr\/index.php\/wp-json\/wp\/v2\/pages\/797\/revisions"}],"predecessor-version":[{"id":800,"href":"https:\/\/ecotic.fr\/index.php\/wp-json\/wp\/v2\/pages\/797\/revisions\/800"}],"wp:attachment":[{"href":"https:\/\/ecotic.fr\/index.php\/wp-json\/wp\/v2\/media?parent=797"}],"curies":[{"name":"wp","href":"https:\/\/api.w.org\/{rel}","templated":true}]}}