{"id":902,"date":"2023-05-25T22:18:04","date_gmt":"2023-05-25T20:18:04","guid":{"rendered":"https:\/\/ecotic.fr\/?page_id=902"},"modified":"2023-05-25T22:34:14","modified_gmt":"2023-05-25T20:34:14","slug":"solutions-internet-et-telecoms","status":"publish","type":"page","link":"https:\/\/ecotic.fr\/index.php\/solutions-internet-et-telecoms\/","title":{"rendered":"Solutions internet et t\u00e9l\u00e9coms"},"content":{"rendered":"<p style=\"padding-left: 40px;\"><span style=\"font-family: verdana, geneva, sans-serif;\"><strong>Votre t\u00e9l\u00e9phonie<\/strong><\/span><\/p>\n<p><span style=\"font-family: verdana, geneva, sans-serif;\">Ecotic fait le choix de promouvoir essentiellement des offres qui s&rsquo;appuient sur les \u00e9quipements essentiels \u00e0 vos collaborateurs, \u00e0 savoir un ordinateur et un t\u00e9l\u00e9phone mobile, limitant ainsi les co\u00fbts et les impacts environnementaux.<\/span><\/p>\n<p><span style=\"font-family: verdana, geneva, sans-serif;\">Plus d&rsquo;autocom (PABX IP) sur site, plus de combin\u00e9s t\u00e9l\u00e9phoniques, tout est int\u00e9gr\u00e9 sur l&rsquo;ordinateur ou sur le smartphone de vos collaborateurs avec tous les services courants en mati\u00e8re de t\u00e9l\u00e9phonie : R\u00e9pondeur, conf\u00e9rence, attente musicale, standard vocal interactif (SVI), r\u00e9pondeurs, renvois, filtrage,&#8230;<\/span><\/p>\n<p><span style=\"font-family: verdana, geneva, sans-serif;\">Nous proposons \u00e9galement l&rsquo;int\u00e9gration de votre t\u00e9l\u00e9phonie en conservant bien entendu vos num\u00e9ros de t\u00e9l\u00e9phones dans les offres Microsoft 365 (Int\u00e9gration dans Teams).<\/span><\/p>\n<p><span style=\"font-family: verdana, geneva, sans-serif;\">Que ce soit pour r\u00e9pondre aux appels sur votre ligne principale ou pour permettre le transfert simplifi\u00e9 d&rsquo;appels \u00e0 vos collaborateurs, nous avons la solution. Nous pouvons \u00e9galement proposer des solutions de convergence fixe-mobile pour plus de flexibilit\u00e9 en mati\u00e8re de mobilit\u00e9.<\/span><\/p>\n<p>&nbsp;<\/p>\n<p style=\"padding-left: 40px;\"><span style=\"font-family: verdana, geneva, sans-serif;\"><strong>Vos liens data \/ Internet \/ VPN multisites<\/strong><\/span><\/p>\n<p><span style=\"font-family: verdana, geneva, sans-serif;\">Ecotic propose une large gamme de liens fibre mutualismes, semi-d\u00e9di\u00e9s ou d\u00e9di\u00e9s, selon vos besoins, vos usages, et les contraintes li\u00e9es notamment \u00e0 l&rsquo;\u00e9ligibilit\u00e9. Hors zone de couverture, \u00a0Ecotic propose \u00e9galement des offres satellites \u00e0 tarif comp\u00e9titif.<\/span><\/p>\n","protected":false},"excerpt":{"rendered":"<p>Votre t\u00e9l\u00e9phonie Ecotic fait le choix de promouvoir essentiellement des offres qui s&rsquo;appuient sur les \u00e9quipements essentiels \u00e0 vos collaborateurs<\/p>\n","protected":false},"author":1,"featured_media":0,"parent":0,"menu_order":0,"comment_status":"closed","ping_status":"closed","template":"","meta":{"footnotes":""},"aioseo_notices":[],"_links":{"self":[{"href":"https:\/\/ecotic.fr\/index.php\/wp-json\/wp\/v2\/pages\/902"}],"collection":[{"href":"https:\/\/ecotic.fr\/index.php\/wp-json\/wp\/v2\/pages"}],"about":[{"href":"https:\/\/ecotic.fr\/index.php\/wp-json\/wp\/v2\/types\/page"}],"author":[{"embeddable":true,"href":"https:\/\/ecotic.fr\/index.php\/wp-json\/wp\/v2\/users\/1"}],"replies":[{"embeddable":true,"href":"https:\/\/ecotic.fr\/index.php\/wp-json\/wp\/v2\/comments?post=902"}],"version-history":[{"count":4,"href":"https:\/\/ecotic.fr\/index.php\/wp-json\/wp\/v2\/pages\/902\/revisions"}],"predecessor-version":[{"id":909,"href":"https:\/\/ecotic.fr\/index.php\/wp-json\/wp\/v2\/pages\/902\/revisions\/909"}],"wp:attachment":[{"href":"https:\/\/ecotic.fr\/index.php\/wp-json\/wp\/v2\/media?parent=902"}],"curies":[{"name":"wp","href":"https:\/\/api.w.org\/{rel}","templated":true}]}}