{"id":935,"date":"2023-05-25T23:24:48","date_gmt":"2023-05-25T21:24:48","guid":{"rendered":"https:\/\/ecotic.fr\/?page_id=935"},"modified":"2023-07-31T10:10:45","modified_gmt":"2023-07-31T08:10:45","slug":"vente-location-installation-dequipements","status":"publish","type":"page","link":"https:\/\/ecotic.fr\/index.php\/vente-location-installation-dequipements\/","title":{"rendered":"Vente, location, installation d&rsquo;\u00e9quipements"},"content":{"rendered":"<h3 class=\"ap-blg-tiitle\"><strong><span style=\"font-size: 14pt;\">Vous remplacez vos \u00e9quipements ? Pensez ECOTIC !<\/span><\/strong><\/h3>\n<p><span style=\"font-size: 12pt;\">Quand vous remplacez vos \u00e9quipements informatiques, pensez \u00e0 <strong>ECOTIC<\/strong>.\u00a0<\/span><span style=\"font-size: 12pt;\">Pourquoi est-ce une <strong>bonne id\u00e9e<\/strong> de passer par nous ?<\/span><\/p>\n<ul>\n<li><span style=\"font-size: 12pt;\">Parce que nous avons \u00e0 coeur de vous proposer le mat\u00e9riel qui correspond le mieux \u00e0 vos besoins tant en terme de performance que d\u2019ergonomie en prenant en compte vos souhaits et <strong>vos contraintes budg\u00e9taires<\/strong>.<\/span><\/li>\n<li><span style=\"font-size: 12pt;\">Parce que <strong>nous conseillons des mat\u00e9riels \u00e9volutifs<\/strong> amen\u00e9s \u00e0 durer dans le temps avec un taux de panne faible et un taux de r\u00e9parabilit\u00e9 \u00e9lev\u00e9.<\/span><\/li>\n<li><span style=\"font-size: 12pt;\">Parce que nous pouvons r\u00e9fl\u00e9chir ensemble \u00e0 la <strong>valorisation de vos anciens mat\u00e9riels<\/strong><\/span><\/li>\n<li><span style=\"font-size: 12pt;\">Parce qu\u2019il nous sera plus facile le cas \u00e9ch\u00e9ant de g\u00e9rer pour vous le <strong>service apr\u00e8s vente<\/strong> constructeur des mat\u00e9riels que nous vous avons fourni.<\/span><\/li>\n<li><span style=\"font-size: 12pt;\">Parce que nos prix sont <strong>comp\u00e9titifs<\/strong>.<\/span><\/li>\n<li><span style=\"font-size: 12pt;\">Parce nous sommes en mesure de proposer du <strong>mat\u00e9riel reconditionn\u00e9<\/strong> avec les m\u00eames garanties que sur du mat\u00e9riel neuf.<\/span><\/li>\n<li><span style=\"font-size: 12pt;\">Parce que nous sommes en mesure de proposer des <strong>solutions de financement<\/strong> adapt\u00e9es \u00e0 vos attentes.<\/span><\/li>\n<\/ul>\n","protected":false},"excerpt":{"rendered":"<p>Vous remplacez vos \u00e9quipements ? Pensez ECOTIC ! Quand vous remplacez vos \u00e9quipements informatiques, pensez \u00e0 ECOTIC.\u00a0Pourquoi est-ce une bonne id\u00e9e d<\/p>\n","protected":false},"author":1,"featured_media":0,"parent":0,"menu_order":0,"comment_status":"closed","ping_status":"closed","template":"","meta":{"footnotes":""},"aioseo_notices":[],"_links":{"self":[{"href":"https:\/\/ecotic.fr\/index.php\/wp-json\/wp\/v2\/pages\/935"}],"collection":[{"href":"https:\/\/ecotic.fr\/index.php\/wp-json\/wp\/v2\/pages"}],"about":[{"href":"https:\/\/ecotic.fr\/index.php\/wp-json\/wp\/v2\/types\/page"}],"author":[{"embeddable":true,"href":"https:\/\/ecotic.fr\/index.php\/wp-json\/wp\/v2\/users\/1"}],"replies":[{"embeddable":true,"href":"https:\/\/ecotic.fr\/index.php\/wp-json\/wp\/v2\/comments?post=935"}],"version-history":[{"count":10,"href":"https:\/\/ecotic.fr\/index.php\/wp-json\/wp\/v2\/pages\/935\/revisions"}],"predecessor-version":[{"id":950,"href":"https:\/\/ecotic.fr\/index.php\/wp-json\/wp\/v2\/pages\/935\/revisions\/950"}],"wp:attachment":[{"href":"https:\/\/ecotic.fr\/index.php\/wp-json\/wp\/v2\/media?parent=935"}],"curies":[{"name":"wp","href":"https:\/\/api.w.org\/{rel}","templated":true}]}}